{"id":898,"date":"2023-06-07T10:53:50","date_gmt":"2023-06-07T10:53:50","guid":{"rendered":"https:\/\/tarkvara.thkit.ee\/veeb\/?page_id=898"},"modified":"2023-06-07T11:00:27","modified_gmt":"2023-06-07T11:00:27","slug":"edasijoudnud-ulesanded-ja-harjutused","status":"publish","type":"page","link":"https:\/\/tarkvara.thkit.ee\/veeb\/edasijoudnud-ulesanded-ja-harjutused\/","title":{"rendered":"Edasij\u00f5udnutele \u00fclesanded ja harjutused"},"content":{"rendered":"\n<h4 class=\"wp-block-heading\">Harjutused (pikemad p\u00e4ringud)<\/h4>\n\n\n\n<p>Loo autode tabel, kus on iga masina kohta kirjas mark, registreerimisnumber ja v\u00e4ljalaskeaasta<\/p>\n\n\n\n<p>Tr\u00fcki v\u00e4lja k\u00f5ik autod, mille registreerimism\u00e4rk sisaldab A-d<\/p>\n\n\n\n<p>V\u00e4ljasta iga margi kohta, mitu eksemplari seda on.<\/p>\n\n\n\n<p>V\u00e4ljasta iga margi ja v\u00e4ljalaskeaasta komplekti kohta, mitu seda on.<\/p>\n\n\n\n<p>V\u00e4ljasta iga margi kohta keskmine v\u00e4ljalaskeaasta<\/p>\n\n\n\n<p>V\u00e4ljasta iga margi kohta suurima ja v\u00e4hima v\u00e4ljalaskeaasta vahe.<\/p>\n\n\n\n<p>Katseta ROLLUP ja CUBE lisainfo v\u00f5imalusi eelmiste p\u00e4ringute juures<\/p>\n\n\n\n<h4 class=\"wp-block-heading\">Harjutused (tabelite \u00fchendamine)<\/h4>\n\n\n\n<p>\u00dchenda UNION ALL abil laste s\u00fcnniaastad ja autode v\u00e4ljalaskeaastad<\/p>\n\n\n\n<p>Lisa seos Linna_tbl ning Auto_tbl vahele<\/p>\n\n\n\n<p>V\u00e4ljasta k\u00f5ik autod koos Linna nimetustega, kus nad registreeritud<\/p>\n\n\n\n<p>V\u00e4ljasta autode arv grupeerituna Linnade kaupa<\/p>\n\n\n\n<p>Lisa Linnade tabelisse uus linn<\/p>\n\n\n\n<p>V\u00e4ljasta LEFT JOINi abil k\u00f5ik linnad koos neis registreeritud autodega. Registreeritud autodeta maakonnast v\u00e4ljasta vaid nimi.<\/p>\n\n\n\n<p>Kingi igale lapsele auto, mille margiks on FORD, v\u00e4ljalaske aasta on lapse s\u00fcnniaasta ning numbrim\u00e4rk moodustub lapse pikkus + esimesed 3 t\u00e4hte lapse nimest.<\/p>\n\n\n\n<h4 class=\"wp-block-heading\">Harjutused (Alamp\u00e4ringud)<\/h4>\n\n\n\n<p>Teata alamp\u00e4ringu abil k\u00f5ik keskmisest vanemad autod<\/p>\n\n\n\n<p>Teata alamp\u00e4ringu abil markide kaupa k\u00f5ik selle margi keskmisest vanemad autod<\/p>\n\n\n\n<p>Teata iga linna kohta selles linnas liikuva k\u00f5ige vanema s\u00f5iduki mark\/margid<\/p>\n","protected":false},"excerpt":{"rendered":"<p>Harjutused (pikemad p\u00e4ringud) Loo autode tabel, kus on iga masina kohta kirjas mark, registreerimisnumber ja v\u00e4ljalaskeaasta Tr\u00fcki v\u00e4lja k\u00f5ik autod, mille registreerimism\u00e4rk sisaldab A-d V\u00e4ljasta iga margi kohta, mitu eksemplari seda on. V\u00e4ljasta iga margi ja v\u00e4ljalaskeaasta komplekti kohta, mitu seda on. V\u00e4ljasta iga margi kohta keskmine v\u00e4ljalaskeaasta V\u00e4ljasta iga margi kohta suurima ja v\u00e4hima &hellip; <a href=\"https:\/\/tarkvara.thkit.ee\/veeb\/edasijoudnud-ulesanded-ja-harjutused\/\" class=\"more-link\">Loe edasi <span class=\"screen-reader-text\">Edasij\u00f5udnutele \u00fclesanded ja harjutused<\/span> <span class=\"meta-nav\">&rarr;<\/span><\/a><\/p>\n","protected":false},"author":1,"featured_media":0,"parent":0,"menu_order":0,"comment_status":"closed","ping_status":"closed","template":"","meta":{"footnotes":""},"class_list":["post-898","page","type-page","status-publish","hentry"],"_links":{"self":[{"href":"https:\/\/tarkvara.thkit.ee\/veeb\/wp-json\/wp\/v2\/pages\/898","targetHints":{"allow":["GET"]}}],"collection":[{"href":"https:\/\/tarkvara.thkit.ee\/veeb\/wp-json\/wp\/v2\/pages"}],"about":[{"href":"https:\/\/tarkvara.thkit.ee\/veeb\/wp-json\/wp\/v2\/types\/page"}],"author":[{"embeddable":true,"href":"https:\/\/tarkvara.thkit.ee\/veeb\/wp-json\/wp\/v2\/users\/1"}],"replies":[{"embeddable":true,"href":"https:\/\/tarkvara.thkit.ee\/veeb\/wp-json\/wp\/v2\/comments?post=898"}],"version-history":[{"count":5,"href":"https:\/\/tarkvara.thkit.ee\/veeb\/wp-json\/wp\/v2\/pages\/898\/revisions"}],"predecessor-version":[{"id":904,"href":"https:\/\/tarkvara.thkit.ee\/veeb\/wp-json\/wp\/v2\/pages\/898\/revisions\/904"}],"wp:attachment":[{"href":"https:\/\/tarkvara.thkit.ee\/veeb\/wp-json\/wp\/v2\/media?parent=898"}],"curies":[{"name":"wp","href":"https:\/\/api.w.org\/{rel}","templated":true}]}}