{"id":6,"date":"2023-02-23T10:44:26","date_gmt":"2023-02-23T10:44:26","guid":{"rendered":"https:\/\/tarkvara.thkit.ee\/veeb\/?page_id=6"},"modified":"2023-03-22T11:01:06","modified_gmt":"2023-03-22T11:01:06","slug":"php-algus","status":"publish","type":"page","link":"https:\/\/tarkvara.thkit.ee\/veeb\/","title":{"rendered":"PHP algus"},"content":{"rendered":"\n<p>Eelnev leht saadeti serverist veebilehitsejasse samal kujul nagu ta faillina oli salvestatud. Serveripoolse rakenduse korral aga pannakse failis olev kood enne k\u00e4ima ning siis saadetakse t\u00f6\u00f6 tulemus brauserisse. PHP puhul tuleb k\u00e4ivitatav kood panna algust\u00e4hise &lt;?php ning l\u00f5pu ?&gt; vahele. K\u00e4sklus echo tr\u00fckib tulemuse ekraanile<\/p>\n\n\n\n<p>Arvutus:<\/p>\n\n\n\n<figure class=\"wp-block-image size-full\"><img loading=\"lazy\" decoding=\"async\" width=\"198\" height=\"106\" src=\"https:\/\/tarkvara.thkit.ee\/veeb\/wp-content\/uploads\/2023\/03\/1-1.png\" alt=\"\" class=\"wp-image-221\"\/><\/figure>\n\n\n\n<p>V\u00e4ljund lehel&nbsp;<\/p>\n\n\n\n<p>Arvutus: 5<\/p>\n\n\n\n<p><\/p>\n","protected":false},"excerpt":{"rendered":"<p>Eelnev leht saadeti serverist veebilehitsejasse samal kujul nagu ta faillina oli salvestatud. Serveripoolse rakenduse korral aga pannakse failis olev kood enne k\u00e4ima ning siis saadetakse t\u00f6\u00f6 tulemus brauserisse. PHP puhul tuleb k\u00e4ivitatav kood panna algust\u00e4hise &lt;?php ning l\u00f5pu ?&gt; vahele. K\u00e4sklus echo tr\u00fckib tulemuse ekraanile Arvutus: V\u00e4ljund lehel&nbsp; Arvutus: 5<\/p>\n","protected":false},"author":1,"featured_media":0,"parent":0,"menu_order":0,"comment_status":"closed","ping_status":"closed","template":"","meta":{"footnotes":""},"class_list":["post-6","page","type-page","status-publish","hentry"],"_links":{"self":[{"href":"https:\/\/tarkvara.thkit.ee\/veeb\/wp-json\/wp\/v2\/pages\/6","targetHints":{"allow":["GET"]}}],"collection":[{"href":"https:\/\/tarkvara.thkit.ee\/veeb\/wp-json\/wp\/v2\/pages"}],"about":[{"href":"https:\/\/tarkvara.thkit.ee\/veeb\/wp-json\/wp\/v2\/types\/page"}],"author":[{"embeddable":true,"href":"https:\/\/tarkvara.thkit.ee\/veeb\/wp-json\/wp\/v2\/users\/1"}],"replies":[{"embeddable":true,"href":"https:\/\/tarkvara.thkit.ee\/veeb\/wp-json\/wp\/v2\/comments?post=6"}],"version-history":[{"count":26,"href":"https:\/\/tarkvara.thkit.ee\/veeb\/wp-json\/wp\/v2\/pages\/6\/revisions"}],"predecessor-version":[{"id":222,"href":"https:\/\/tarkvara.thkit.ee\/veeb\/wp-json\/wp\/v2\/pages\/6\/revisions\/222"}],"wp:attachment":[{"href":"https:\/\/tarkvara.thkit.ee\/veeb\/wp-json\/wp\/v2\/media?parent=6"}],"curies":[{"name":"wp","href":"https:\/\/api.w.org\/{rel}","templated":true}]}}