{"id":502,"date":"2023-05-06T12:39:09","date_gmt":"2023-05-06T12:39:09","guid":{"rendered":"https:\/\/tarkvara.thkit.ee\/veeb\/?page_id=502"},"modified":"2023-05-06T12:39:09","modified_gmt":"2023-05-06T12:39:09","slug":"liikumise-ulesanded","status":"publish","type":"page","link":"https:\/\/tarkvara.thkit.ee\/veeb\/liikumise-ulesanded\/","title":{"rendered":"Liikumise \u00fclesanded"},"content":{"rendered":"\n<p><strong>\u00dclesanne 1<\/strong><\/p>\n\n\n\n<p>* Ruut liigub vasakult paremale, klahvidega saab ruutu samal ajal liigutada alla ja \u00fcles * Korraga liigub kaks ruutu &#8211; \u00fcks paremale, teine vasakule&nbsp;<\/p>\n\n\n\n<p>* Vasakule liikuva ruudu suurus liikumise ajal v\u00e4heneb&nbsp;<\/p>\n\n\n\n<p>* Sammu pikkus ja sellega koos liikumise kiirus valitakse juhuslikult<\/p>\n\n\n\n<p><\/p>\n\n\n\n<p><strong>\u00dclesanne 2<\/strong><\/p>\n\n\n\n<p>* Pane n\u00e4ide k\u00e4ima, uuri. Muuda liikumise kiirust&nbsp;<\/p>\n\n\n\n<p>* V\u00f5imalda ruudul liikuda vasakule-paremale suuna asemel \u00fcles-alla * Loo nupud, et saaks m\u00e4\u00e4rata liikumise k\u00f5igi nelja ilmakaare suunas.<\/p>\n\n\n\n<p><\/p>\n\n\n\n<p><strong>\u00dclesanne 3<\/strong><\/p>\n\n\n\n<p>* Tee n\u00e4ide l\u00e4bi&nbsp;<\/p>\n\n\n\n<p>* Pane ruut liikuma alt \u00fcles. Ruut seiskub \u00fclesse serva j\u00f5udmisel&nbsp;<\/p>\n\n\n\n<p>* Ruutu saab liigutada iga ilmakaare suunas. Seiskub nii vasakusse kui ka \u00fclemisse serva j\u00f5udmise&nbsp; puhul.<\/p>\n\n\n\n<p><\/p>\n\n\n\n<p><strong>\u00dclesanne 4<\/strong><\/p>\n\n\n\n<p>* Pane n\u00e4ide t\u00f6\u00f6le. Muuda ruudu suurust ning veendu, et n\u00e4ide t\u00f6\u00f6tab endiselt. * Pane ruut liikuma \u00fclalt alla ning selles suunas m\u00f5lemast servast seisma&nbsp;<\/p>\n\n\n\n<p>* Ruutu saab liigutada iga ilmakaare suhtes. Ruut seiskub, kui j\u00f5uab serva.<\/p>\n\n\n\n<p><\/p>\n\n\n\n<p><strong>\u00dclesanne 5<\/strong><\/p>\n\n\n\n<p>* Pane n\u00e4ide k\u00e4ima.&nbsp;&nbsp;<\/p>\n\n\n\n<p>* Pane ruut liikuma \u00fclalt-alla suunas (vertikaalselt). V\u00f5imalda selles sihis ruutu enese poole&nbsp; kutsuda.&nbsp;<\/p>\n\n\n\n<p>* Muuda koodi n\u00f5nda, et hiirevajutus l\u00fckkaks ruutu pigem hiirest eemale.&nbsp;<\/p>\n\n\n\n<p>* Ruut saab liikuda k\u00f5igi nelja ilmakaare suhtes. V\u00f5imalda igal pool ruutu hiirest eemale liikuma\u00a0 l\u00fckata (puhuda).<\/p>\n\n\n\n<p><\/p>\n\n\n\n<p><strong>\u00dclesanne 6\u00a0<\/strong><\/p>\n\n\n\n<p>* V\u00f5imalda liikumise kiirust m\u00e4\u00e4rata \u00fclalt-alla liikuva ruudu puhul.&nbsp;<\/p>\n\n\n\n<p>* Ruut saab liikuda iga ilmakaare suunas. Samuti saab hiire abil m\u00e4\u00e4rata liikumise kiirusi.&nbsp;<\/p>\n\n\n\n<p>* Pane ristk\u00fclik ekraanil laiustpidi suurenema&nbsp;<\/p>\n\n\n\n<p>* Pane ristk\u00fclik ekraanil suurenema hiirevajutuse peale&nbsp;<\/p>\n\n\n\n<p>* \u00dcks hiirevajutus paneb ristk\u00fcliku suurenema, teine v\u00e4henema&nbsp;<\/p>\n\n\n\n<p>* V\u00e4henemisel j\u00e4\u00e4b ristk\u00fcliku parem k\u00fclg paigale. N\u00f5nda on v\u00f5imalik kordam\u00f6\u00f6da hiirevajutuste&nbsp; abil j\u00e4ljendada ussikese liikumist edasi.&nbsp;<\/p>\n\n\n\n<p>* Ussikene pole enam ristk\u00fclik, vaid on ovaal&nbsp;<\/p>\n\n\n\n<p>* Ussikene koosneb mitmest \u00fcksteise sappa \u00fchendatud ovaalist.<\/p>\n","protected":false},"excerpt":{"rendered":"<p>\u00dclesanne 1 * Ruut liigub vasakult paremale, klahvidega saab ruutu samal ajal liigutada alla ja \u00fcles * Korraga liigub kaks ruutu &#8211; \u00fcks paremale, teine vasakule&nbsp; * Vasakule liikuva ruudu suurus liikumise ajal v\u00e4heneb&nbsp; * Sammu pikkus ja sellega koos liikumise kiirus valitakse juhuslikult \u00dclesanne 2 * Pane n\u00e4ide k\u00e4ima, uuri. Muuda liikumise kiirust&nbsp; * &hellip; <a href=\"https:\/\/tarkvara.thkit.ee\/veeb\/liikumise-ulesanded\/\" class=\"more-link\">Loe edasi <span class=\"screen-reader-text\">Liikumise \u00fclesanded<\/span> <span class=\"meta-nav\">&rarr;<\/span><\/a><\/p>\n","protected":false},"author":1,"featured_media":0,"parent":0,"menu_order":0,"comment_status":"closed","ping_status":"closed","template":"","meta":{"footnotes":""},"class_list":["post-502","page","type-page","status-publish","hentry"],"_links":{"self":[{"href":"https:\/\/tarkvara.thkit.ee\/veeb\/wp-json\/wp\/v2\/pages\/502","targetHints":{"allow":["GET"]}}],"collection":[{"href":"https:\/\/tarkvara.thkit.ee\/veeb\/wp-json\/wp\/v2\/pages"}],"about":[{"href":"https:\/\/tarkvara.thkit.ee\/veeb\/wp-json\/wp\/v2\/types\/page"}],"author":[{"embeddable":true,"href":"https:\/\/tarkvara.thkit.ee\/veeb\/wp-json\/wp\/v2\/users\/1"}],"replies":[{"embeddable":true,"href":"https:\/\/tarkvara.thkit.ee\/veeb\/wp-json\/wp\/v2\/comments?post=502"}],"version-history":[{"count":1,"href":"https:\/\/tarkvara.thkit.ee\/veeb\/wp-json\/wp\/v2\/pages\/502\/revisions"}],"predecessor-version":[{"id":503,"href":"https:\/\/tarkvara.thkit.ee\/veeb\/wp-json\/wp\/v2\/pages\/502\/revisions\/503"}],"wp:attachment":[{"href":"https:\/\/tarkvara.thkit.ee\/veeb\/wp-json\/wp\/v2\/media?parent=502"}],"curies":[{"name":"wp","href":"https:\/\/api.w.org\/{rel}","templated":true}]}}