{"id":36,"date":"2023-02-23T13:25:12","date_gmt":"2023-02-23T13:25:12","guid":{"rendered":"https:\/\/tarkvara.thkit.ee\/veeb\/?page_id=36"},"modified":"2025-12-12T09:31:43","modified_gmt":"2025-12-12T09:31:43","slug":"tutvutsav-veebileht","status":"publish","type":"page","link":"https:\/\/tarkvara.thkit.ee\/veeb\/tutvutsav-veebileht\/","title":{"rendered":"Tutvutsav veebileht"},"content":{"rendered":"\n<p>HTML-faili t\u00fc\u00fcbiks on tekstifail. See t\u00e4hendab, et see fail v\u00f5ib sisaldada ainult teksti v\u00f5i muid ekraanil n\u00e4htavaid s\u00fcmboleid. Tavalise tekstina olev osa paistab jutuna kasutajatele. Teksti osade eristamiseks aga saab teksti sisse panna &lt; ja &gt; m\u00e4rkide vahele HTMLi m\u00e4rgendeid, millega veebilehitsejat juhatada ja dokumendi struktuuri m\u00e4rkida.&nbsp;&nbsp;<\/p>\n\n\n\n<p>Veebilehe esmaseks struktuuriks on deklaratsioon (doctype), HTML-dokument ise &#8211; mis j\u00e4\u00e4b m\u00e4rgendite &lt;html&gt; ja &lt;\/html&gt; vahele. Ning dokument jaguneb p\u00e4iseks (head) ning sisuosaks (body). Esimeses neist on andmed dokumendi kohta &#8211; kes tegi, millal tegi, kui kaua kehtib, m\u00e4rks\u00f5nad, l\u00fchikirjeldus jm. Sisuosas (body) olev tekst on \u00fcldiselt vaatajale n\u00e4htav &#8211; v\u00e4lja arvatud m\u00e4rgendite nimed, millega teksti juhitakse.&nbsp;<\/p>\n\n\n\n<div class=\"wp-block-urvanov-syntax-highlighter-code-block\"><pre class=\"lang:1c-kod decode:true \" title=\"html\" >&lt;!doctype html&gt; \n&lt;html&gt; \n &lt;head&gt; \n &lt;\/head&gt; \n &lt;body&gt; \n &lt;\/body&gt; \n&lt;\/html&gt; <\/pre><\/div>\n\n\n\n<p>Head-osas paiknev title on n\u00e4ha veebilehitseja tiitliribal. Kui korraga avatud palju lehti, siis selle j\u00e4rgi saab vaadata, millist lehte parajasti n\u00e4ha soovitakse.&nbsp;&nbsp;<\/p>\n\n\n\n<p>Sisus v\u00f5ib teksti jagada l\u00f5ikudesse div-m\u00e4rgendite abil. Reavahetust t\u00e4histab &lt;br \/&gt;. Pealkirja m\u00e4rkimiseks sobivad &lt;h1&gt;koos l\u00f5puga &lt;\/h1&gt; ning &lt;h2&gt; ja &lt;\/h2&gt;. S\u00fcgavama struktuuri puhul ka suuremate numbritega pealkirjad.&nbsp;&nbsp;<\/p>\n\n\n\n<p>Loetelu piiritleb &lt;ul&gt; ja &lt;\/ul&gt; (unordered list). Iga loeteluelemendi \u00fcmber tuleb &lt;li&gt; ja &lt;\/li&gt;. Selliste vahenditega saabki lihtsa veebilehe kokku.<\/p>\n\n\n<p><!doctype html><br \/>\n<html><br \/>\n <head><br \/>\n <title>Henri leht<\/title><br \/>\n <\/head><br \/>\n <body> <\/p>\n<h1>Henri<\/h1>\n<div>\n S\u00fcndis 17. novembril 2002<br \/>\n Tallinnas. <br \/> Kasvas Viimsis.\n <\/div>\n<h2>Huvialad<\/h2>\n<ul>\n<li>vars<\/li>\n<li>kuusk<\/li>\n<\/ul>\n<p> <\/body><br \/>\n<\/html> <\/p>\n\n\n\n\n<p>Veebileht n\u00e4htuna brauseriaknas:<\/p>\n\n\n\n<p><\/p>\n\n\n\n<figure class=\"wp-block-image size-full is-resized\"><img loading=\"lazy\" decoding=\"async\" width=\"686\" height=\"375\" src=\"https:\/\/tarkvara.thkit.ee\/veeb\/wp-content\/uploads\/2023\/02\/test.php_-2.png\" alt=\"\" class=\"wp-image-48\" style=\"width:634px;height:346px\" srcset=\"https:\/\/tarkvara.thkit.ee\/veeb\/wp-content\/uploads\/2023\/02\/test.php_-2.png 686w, https:\/\/tarkvara.thkit.ee\/veeb\/wp-content\/uploads\/2023\/02\/test.php_-2-300x164.png 300w\" sizes=\"auto, (max-width: 686px) 100vw, 686px\" \/><\/figure>\n","protected":false},"excerpt":{"rendered":"<p>HTML-faili t\u00fc\u00fcbiks on tekstifail. See t\u00e4hendab, et see fail v\u00f5ib sisaldada ainult teksti v\u00f5i muid ekraanil n\u00e4htavaid s\u00fcmboleid. Tavalise tekstina olev osa paistab jutuna kasutajatele. Teksti osade eristamiseks aga saab teksti sisse panna &lt; ja &gt; m\u00e4rkide vahele HTMLi m\u00e4rgendeid, millega veebilehitsejat juhatada ja dokumendi struktuuri m\u00e4rkida.&nbsp;&nbsp; Veebilehe esmaseks struktuuriks on deklaratsioon (doctype), HTML-dokument ise &hellip; <a href=\"https:\/\/tarkvara.thkit.ee\/veeb\/tutvutsav-veebileht\/\" class=\"more-link\">Loe edasi <span class=\"screen-reader-text\">Tutvutsav veebileht<\/span> <span class=\"meta-nav\">&rarr;<\/span><\/a><\/p>\n","protected":false},"author":1,"featured_media":0,"parent":0,"menu_order":0,"comment_status":"closed","ping_status":"closed","template":"","meta":{"footnotes":""},"class_list":["post-36","page","type-page","status-publish","hentry"],"_links":{"self":[{"href":"https:\/\/tarkvara.thkit.ee\/veeb\/wp-json\/wp\/v2\/pages\/36","targetHints":{"allow":["GET"]}}],"collection":[{"href":"https:\/\/tarkvara.thkit.ee\/veeb\/wp-json\/wp\/v2\/pages"}],"about":[{"href":"https:\/\/tarkvara.thkit.ee\/veeb\/wp-json\/wp\/v2\/types\/page"}],"author":[{"embeddable":true,"href":"https:\/\/tarkvara.thkit.ee\/veeb\/wp-json\/wp\/v2\/users\/1"}],"replies":[{"embeddable":true,"href":"https:\/\/tarkvara.thkit.ee\/veeb\/wp-json\/wp\/v2\/comments?post=36"}],"version-history":[{"count":16,"href":"https:\/\/tarkvara.thkit.ee\/veeb\/wp-json\/wp\/v2\/pages\/36\/revisions"}],"predecessor-version":[{"id":1204,"href":"https:\/\/tarkvara.thkit.ee\/veeb\/wp-json\/wp\/v2\/pages\/36\/revisions\/1204"}],"wp:attachment":[{"href":"https:\/\/tarkvara.thkit.ee\/veeb\/wp-json\/wp\/v2\/media?parent=36"}],"curies":[{"name":"wp","href":"https:\/\/api.w.org\/{rel}","templated":true}]}}