{"id":328,"date":"2023-03-29T11:05:31","date_gmt":"2023-03-29T11:05:31","guid":{"rendered":"https:\/\/tarkvara.thkit.ee\/veeb\/?page_id=328"},"modified":"2023-04-03T20:28:43","modified_gmt":"2023-04-03T20:28:43","slug":"ulesanded-2","status":"publish","type":"page","link":"https:\/\/tarkvara.thkit.ee\/veeb\/ulesanded-2\/","title":{"rendered":"Kavandamine"},"content":{"rendered":"\n<p><strong>Jalgrattaeksami \u00fcldkirjeldus&nbsp;<\/strong><\/p>\n\n\n\n<p>Jalgrattaeksam koosneb kolmest etapist:&nbsp;<\/p>\n\n\n\n<p>\u2022 Teooriaeksam&nbsp;<\/p>\n\n\n\n<p>\u2022 Platsieksam&nbsp;<\/p>\n\n\n\n<p>\u2022 T\u00e4navas\u00f5idueksam&nbsp;<\/p>\n\n\n\n<p>Teooriaeksami sooritamiseks on k\u00fcmnest k\u00fcsimusest vaja \u00f5igesti vastata v\u00e4hemalt \u00fcheksa.&nbsp;<\/p>\n\n\n\n<p>Platsieksamil tuleb reeglitep\u00e4raselt l\u00e4bida slaalomirada ning n\u00e4idata oma s\u00f5iduoskusi ringteel.&nbsp;<\/p>\n\n\n\n<p>T\u00e4navas\u00f5idueksamil tuleb eksamineeritavate grupil j\u00e4rjestikku s\u00f5ita ees ja taga oleva eksamineerija vahel j\u00e4rgides liikluseeskirju.&nbsp;<\/p>\n\n\n\n<p>Teooriaeksam peab olema sooritatud enne platsieksamit. Platsieksam peab olema sooritatud enne t\u00e4navas\u00f5idueksamit. Platsieksami osade l\u00e4bimise j\u00e4rjekord pole t\u00e4htis.&nbsp;<\/p>\n\n\n\n<p><strong>Kasutajalood&nbsp;<\/strong><\/p>\n\n\n\n<p>Jalgrattalubade taotleja tuleb eksamile registreerimise laua juurde, esitab oma isikut t\u00f5endava dokumendi. Registreerija sisestab kasutaja andmed (lihtsamal juhul ees- ja perekonnanime) rakenduse kaudu infos\u00fcsteemi&nbsp;<\/p>\n\n\n\n<p>Teoriaeksamiruumi sisenemisel kontrollitakse, et kohaletulnud on end eksamile registreerunud. Keda pole veel kirjas, suunatakse registreerimislaua juurde.&nbsp;&nbsp;<\/p>\n\n\n\n<p>Teooriaeksami lahendanud taotlejatele sisestatakse nime juurde tema saadud punktide arv.&nbsp;<\/p>\n\n\n\n<p>Platsieksamil on kaks kontrollpunkti, kummaski eraldi kontrollija koos sisestusseadmega. Kontrollijad n\u00e4evad vaid neid nimesid, kes on registreeritud ning kel on kogutud teooriaeksamist v\u00e4hemalt \u00fcheksa punkti. Kontrollija saab rakenduses m\u00e4\u00e4rata, kas eksamineeritav sai oma \u00fclesandega hakkama (vastavalt siis slaalomis\u00f5iduga v\u00f5i ringtees\u00f5iduga vastavalt kontrollpunktile).&nbsp;<\/p>\n\n\n\n<p>T\u00e4navas\u00f5idueksami inspektorid n\u00e4evad infos\u00fcsteemis vaid neid lubade taotlejaid, kel on l\u00e4bitud m\u00f5lemad platsieksami kontrollpunktid. Vaid neid saavad nad t\u00e4navas\u00f5idueksamile lubada. T\u00e4navas\u00f5idueksami l\u00f5pus m\u00e4rgivad inspektorid, et kellel t\u00e4navas\u00f5idueksam \u00f5nnestus, kellel mitte.&nbsp;<\/p>\n\n\n\n<p>Lubade v\u00e4ljastamise laua t\u00f6\u00f6tajal on v\u00f5imalik n\u00e4ha k\u00f5igi eksamineeritavate seisu. Kel pilt olemas, sellele v\u00e4ljastatakse luba ning m\u00e4\u00e4ratakse sellega eksam l\u00f5petatuks.&nbsp;&nbsp;<\/p>\n\n\n\n<p><strong>Rakenduse lehed&nbsp;<\/strong><\/p>\n\n\n\n<p>Jalgrattalubade taotleja registreerimine&nbsp;<\/p>\n\n\n\n<p>&nbsp;Sisestatakse taotleja ees- ja perekonnanimi. Andmed talletatakse kirjena tabelisse.&nbsp;<\/p>\n\n\n\n<p>Teooriaeksam&nbsp;<\/p>\n\n\n\n<p>&nbsp;N\u00e4hakse loetelu registreeritud osalejatest, kes pole veel teooriaeksamil tulemust saanud.&nbsp;&nbsp;&nbsp;<\/p>\n\n\n\n<p>&nbsp;Eksami\u00fclesande lahendanu nime juurde saab kirjutada tulemuse.&nbsp;<\/p>\n\n\n\n<p>Slaalom&nbsp;<\/p>\n\n\n\n<p>&nbsp;N\u00e4ha on teooriaeksami l\u00e4binud eksamineeritavad, kel veel pole kirjas tulemust slaalomi kontrollpunkti kohta. Saab soorituse m\u00e4\u00e4rata kas \u00f5nnestunuks v\u00f5i eba\u00f5nnestunuks.<\/p>\n\n\n\n<p>Ringtee&nbsp;<\/p>\n\n\n\n<p>&nbsp;N\u00e4ha on teooriaeksami l\u00e4binud eksamineeritavad, kel pole veel kirjas tulemust ringtee kontrollpunkti kohta. Saab soorituse m\u00e4\u00e4rata kas \u00f5nnestunuks v\u00f5i eba\u00f5nnestunuks.&nbsp;<\/p>\n\n\n\n<p>T\u00e4navas\u00f5idueksam&nbsp;<\/p>\n\n\n\n<p>&nbsp;N\u00e4ha on nimekiri eksamineeritavatest, kes on l\u00e4binud platsieksami (ehk siis slaalomi ja ringtee kontrollpunkti) ning pole veel kirja saanud tulemust t\u00e4navas\u00f5idueksamil. Iga eksamineeritava kohta saab m\u00e4\u00e4rata tulemuse kas \u00f5nnestunuks v\u00f5i eba\u00f5nnestunuks.&nbsp;<\/p>\n\n\n\n<p>Vormistamise leht&nbsp;<\/p>\n\n\n\n<p>&nbsp;N\u00e4ha on k\u00f5ikide osalejate tulemused. Kel k\u00f5ik etapid korras, saab loa k\u00e4tte ja see pannakse kirja.&nbsp;<\/p>\n\n\n\n<p><strong>Lehtede joonised&nbsp;<\/strong><\/p>\n\n\n\n<p>J\u00e4rgmisena on viisakas valmis joonistada \u00fcksikud vaated. Olgu siis pastapliiatsi ja paberi abil, lihtsa joonistusprogrammiga v\u00f5i m\u00f5nd mockup-t\u00f6\u00f6riista kasutades.<\/p>\n\n\n\n<p><img loading=\"lazy\" decoding=\"async\" src=\"https:\/\/lh5.googleusercontent.com\/X_neSXaOmvJv7i-4ITSom7z1Tf9AabBWblocG64M9n9mOqzwjeFmpDS-OQuKwjE3bEQqwmglK2Q04vjpG7omaM_nds7AApqZZ1KyqDLz7hwTzoskvLuXAfqclVAQDLdLslvUh9PW6wFepXDGhvCnlbk\" width=\"643\" height=\"485\"><\/p>\n\n\n\n<p><img loading=\"lazy\" decoding=\"async\" src=\"https:\/\/lh4.googleusercontent.com\/MoQ0sNa-p47edtkFf-Q09s8GlROtoOIQMHiR4Itm5aw42hMID8Hlp-wZDus5ah0wjJSPe78t1anwHVO8J2pj5qLwLIgzZFozrWiE03a56kM2Dy6HZ1rLWP7VQYGkaXhjG0BqrhQDtKgMSnFNZ_WiGzg\" width=\"455\" height=\"251\"><\/p>\n\n\n\n<p><img loading=\"lazy\" decoding=\"async\" src=\"https:\/\/lh5.googleusercontent.com\/N8CkIEGSW4zjr62o2eJMt0HXfJr-mpZqre4si0RsCIuCErMYfJuKn5MgwG2EMH99Sj-stElE9Jd4nylPy_oQWUAyaDtKpPL9oby4KQflcJlO_NcMIFDXIPt_zme4jQXOZ0JmmHhxOZVKIrlLTLg24us\" width=\"414\" height=\"195\"><\/p>\n\n\n\n<p><img loading=\"lazy\" decoding=\"async\" src=\"https:\/\/lh5.googleusercontent.com\/HwYYJopqsVci4Gqxjwpa4JQxFNqIq847baH3reX0F45ubSs6zQaOw5Jias8lDlJtOi3XFikKPZOCvYZFslqwgIZZzW1ml4n-S7rEukP9incbqT5X5SXmbZK4IdUbjlrsci2ECDc8rUlNBpI1JJBjm9Y\" width=\"414\" height=\"217\"><\/p>\n\n\n\n<p><img loading=\"lazy\" decoding=\"async\" src=\"https:\/\/lh5.googleusercontent.com\/q_Rir_8bRCEpWAalPO8ChMNwACJKGaD6J0rL6R5cC1uxUOENlck9NxcSWEzz8SWyMpI519agRGSiU5I7RraMw08xILYtEj_HmaKu5Evz2SLM61L2qi7iR9LibDasC-O48rjN0h9QSz8AE1MsKPDTxMA\" width=\"414\" height=\"217\"><\/p>\n\n\n\n<p><img loading=\"lazy\" decoding=\"async\" src=\"https:\/\/lh6.googleusercontent.com\/twxe-11Bu-_aPvni_DcUI7GRejRMt2Z9GXvuRgi4X0kg5fiZ6N06N9c2RErfA5qgbu2__vracjbmnE3tmpCS5fX403DcXIGw4CqnO3SnbIHXkiVxWvX-t9t_56V18BOqhZtoDQ4-T48CKiqSIMu0tPc\" width=\"632\" height=\"176\"><\/p>\n\n\n\n<p>Edasi tasub l\u00e4bi m\u00e4ngida kasutajalood j\u00e4lgides, et kas ja kui mugavalt on neid joonistatud vaateid kasutades v\u00f5imalik s\u00fcsteem l\u00e4bida. Piisavalt lihtsalt loodud kavanditele saab kergesti kommentaare juurde lisada. Ning kui katsetamise k\u00e4igus selgub, et m\u00f5ni muu lahendus oleks parem, siis on suhteliselt h\u00f5lbus ka vana skeem uuega asendada.<\/p>\n","protected":false},"excerpt":{"rendered":"<p>Jalgrattaeksami \u00fcldkirjeldus&nbsp; Jalgrattaeksam koosneb kolmest etapist:&nbsp; \u2022 Teooriaeksam&nbsp; \u2022 Platsieksam&nbsp; \u2022 T\u00e4navas\u00f5idueksam&nbsp; Teooriaeksami sooritamiseks on k\u00fcmnest k\u00fcsimusest vaja \u00f5igesti vastata v\u00e4hemalt \u00fcheksa.&nbsp; Platsieksamil tuleb reeglitep\u00e4raselt l\u00e4bida slaalomirada ning n\u00e4idata oma s\u00f5iduoskusi ringteel.&nbsp; T\u00e4navas\u00f5idueksamil tuleb eksamineeritavate grupil j\u00e4rjestikku s\u00f5ita ees ja taga oleva eksamineerija vahel j\u00e4rgides liikluseeskirju.&nbsp; Teooriaeksam peab olema sooritatud enne platsieksamit. Platsieksam peab olema &hellip; <a href=\"https:\/\/tarkvara.thkit.ee\/veeb\/ulesanded-2\/\" class=\"more-link\">Loe edasi <span class=\"screen-reader-text\">Kavandamine<\/span> <span class=\"meta-nav\">&rarr;<\/span><\/a><\/p>\n","protected":false},"author":1,"featured_media":0,"parent":0,"menu_order":0,"comment_status":"closed","ping_status":"closed","template":"","meta":{"footnotes":""},"class_list":["post-328","page","type-page","status-publish","hentry"],"_links":{"self":[{"href":"https:\/\/tarkvara.thkit.ee\/veeb\/wp-json\/wp\/v2\/pages\/328","targetHints":{"allow":["GET"]}}],"collection":[{"href":"https:\/\/tarkvara.thkit.ee\/veeb\/wp-json\/wp\/v2\/pages"}],"about":[{"href":"https:\/\/tarkvara.thkit.ee\/veeb\/wp-json\/wp\/v2\/types\/page"}],"author":[{"embeddable":true,"href":"https:\/\/tarkvara.thkit.ee\/veeb\/wp-json\/wp\/v2\/users\/1"}],"replies":[{"embeddable":true,"href":"https:\/\/tarkvara.thkit.ee\/veeb\/wp-json\/wp\/v2\/comments?post=328"}],"version-history":[{"count":4,"href":"https:\/\/tarkvara.thkit.ee\/veeb\/wp-json\/wp\/v2\/pages\/328\/revisions"}],"predecessor-version":[{"id":348,"href":"https:\/\/tarkvara.thkit.ee\/veeb\/wp-json\/wp\/v2\/pages\/328\/revisions\/348"}],"wp:attachment":[{"href":"https:\/\/tarkvara.thkit.ee\/veeb\/wp-json\/wp\/v2\/media?parent=328"}],"curies":[{"name":"wp","href":"https:\/\/api.w.org\/{rel}","templated":true}]}}