{"id":325,"date":"2023-03-29T11:04:40","date_gmt":"2023-03-29T11:04:40","guid":{"rendered":"https:\/\/tarkvara.thkit.ee\/veeb\/?page_id=325"},"modified":"2023-04-03T20:26:15","modified_gmt":"2023-04-03T20:26:15","slug":"ulesanded","status":"publish","type":"page","link":"https:\/\/tarkvara.thkit.ee\/veeb\/ulesanded\/","title":{"rendered":"Jalgrattaeksami haldamise rakendus\u00a0"},"content":{"rendered":"\n<p>J\u00e4rgnevalt veidi pikem n\u00e4ide enamv\u00e4hem tegeliku rakenduse veebiliidese kohta, kus sama s\u00fcndmusega tegelevad mitu asjaosalist. Ehk siis tegemist abivahendina t\u00f6\u00f6 juures, kus muidu oleks p\u00e4ris palju sebimist, et vajalikud andmed \u00f5igel ajal \u00f5igesse kohta j\u00f5uaksid.&nbsp;&nbsp;<\/p>\n\n\n\n<p>\u00dcksinda p\u00e4ris lihtsalt rakendust tehes saab otsast vaikselt tegema hakata, veidi katsetada ning loodetavasti j\u00f5uabki m\u00f5ne aja p\u00e4rast kasutaja jaoks sobivale tulemusele. Kui aga tegijaid v\u00f5i kasutajaid mitu, v\u00f5i lihtsalt v\u00f5tab rakenduse kokku panek rohkem aega kui paar p\u00e4eva &#8211; sellisel juhul tuleb m\u00f5ningane kavandamine ja plaanide \u00fclesm\u00e4rkimine kasuks. Siis rohkem lootust, et tulemus l\u00f5ppkasutajale sobilik on ning ei pea n\u00f5nda palju t\u00f6\u00f6d ringi tegema. Et p\u00e4rast arendaja arvates rakenduse enam-v\u00e4hem valmis saamist kulub v\u00e4hemalt kolmandik t\u00f6\u00f6d l\u00f5ppviimistluse jaoks, see on tavap\u00e4rane. K\u00fcllalt kergesti aga kipub juhtuma, et p\u00e4rast esialgse lahenduse pealtn\u00e4ha k\u00f5ikide osade eraldi t\u00f6\u00f6le hakkamist kulub veel kaks korda n\u00f5nda palju aega ja j\u00f5udu, et kuidagi t\u00f6\u00f6tavad lahendused v\u00f5imalikult h\u00e4sti t\u00f6\u00f6tavate mooduste vastu vahetada. Sest veebirakendusest on ju \u00fcldiselt kasu vaid siis, kui t\u00f6\u00f6 j\u00f5utakse kiiremini ja paremini teha v\u00f5rrelduna pliiatsi ja paberi ning muude tavaliste vahendite abil tehtuna. Tavamooduseid on sageli aastak\u00fcmneid kasutatud ja lihvitud. Veebilahenduse mugavaks saamiseks tuleb see kohandumisring ka ette v\u00f5tta.&nbsp;&nbsp;<\/p>\n\n\n\n<p>\u00dcks levinud moodus rakenduste kavandamisel ja koostamisel on kirja panna v\u00f5i l\u00e4bi k\u00e4ia j\u00e4rgmised osad:<\/p>\n\n\n\n<p>\u2022 Rakenduse \u00fcldkirjelduse \u00fclesm\u00e4rkimine&nbsp;<\/p>\n\n\n\n<p>\u2022 Kasutajate tegevuste kirjapanek \u00fcksikute kasutajalugude kaupa&nbsp;<\/p>\n\n\n\n<p>\u2022 Veebilehtede struktuuri kirjapanek&nbsp;<\/p>\n\n\n\n<p>\u2022 Lehtede \u00fclesjoonistamine (paber)protot\u00fc\u00fcpidena, tegevuste l\u00e4bim\u00e4ng&nbsp;<\/p>\n\n\n\n<p>\u2022 Lehtede kujundamine HTML-protot\u00fc\u00fcpidena&nbsp;<\/p>\n\n\n\n<p>\u2022 Andmebaasiskeem&nbsp;<\/p>\n\n\n\n<p>\u2022 Andmete ja kujunduse \u00fchendamine (ehk esmapilgul p\u00f5hiline t\u00f6\u00f6)&nbsp;<\/p>\n\n\n\n<p>\u2022 Lahenduse katsetamine tegijate hulgas&nbsp;<\/p>\n\n\n\n<p>\u2022 Vajalike t\u00e4ienduste sisseviimine&nbsp;\u2022 Lahenduse katsetamine sihtkohas, kohandamine, kuni v\u00f5ib tulemuse k\u00f5lblikuks lugeda.<\/p>\n","protected":false},"excerpt":{"rendered":"<p>J\u00e4rgnevalt veidi pikem n\u00e4ide enamv\u00e4hem tegeliku rakenduse veebiliidese kohta, kus sama s\u00fcndmusega tegelevad mitu asjaosalist. Ehk siis tegemist abivahendina t\u00f6\u00f6 juures, kus muidu oleks p\u00e4ris palju sebimist, et vajalikud andmed \u00f5igel ajal \u00f5igesse kohta j\u00f5uaksid.&nbsp;&nbsp; \u00dcksinda p\u00e4ris lihtsalt rakendust tehes saab otsast vaikselt tegema hakata, veidi katsetada ning loodetavasti j\u00f5uabki m\u00f5ne aja p\u00e4rast kasutaja jaoks &hellip; <a href=\"https:\/\/tarkvara.thkit.ee\/veeb\/ulesanded\/\" class=\"more-link\">Loe edasi <span class=\"screen-reader-text\">Jalgrattaeksami haldamise rakendus\u00a0<\/span> <span class=\"meta-nav\">&rarr;<\/span><\/a><\/p>\n","protected":false},"author":1,"featured_media":0,"parent":0,"menu_order":0,"comment_status":"closed","ping_status":"closed","template":"","meta":{"footnotes":""},"class_list":["post-325","page","type-page","status-publish","hentry"],"_links":{"self":[{"href":"https:\/\/tarkvara.thkit.ee\/veeb\/wp-json\/wp\/v2\/pages\/325","targetHints":{"allow":["GET"]}}],"collection":[{"href":"https:\/\/tarkvara.thkit.ee\/veeb\/wp-json\/wp\/v2\/pages"}],"about":[{"href":"https:\/\/tarkvara.thkit.ee\/veeb\/wp-json\/wp\/v2\/types\/page"}],"author":[{"embeddable":true,"href":"https:\/\/tarkvara.thkit.ee\/veeb\/wp-json\/wp\/v2\/users\/1"}],"replies":[{"embeddable":true,"href":"https:\/\/tarkvara.thkit.ee\/veeb\/wp-json\/wp\/v2\/comments?post=325"}],"version-history":[{"count":3,"href":"https:\/\/tarkvara.thkit.ee\/veeb\/wp-json\/wp\/v2\/pages\/325\/revisions"}],"predecessor-version":[{"id":345,"href":"https:\/\/tarkvara.thkit.ee\/veeb\/wp-json\/wp\/v2\/pages\/325\/revisions\/345"}],"wp:attachment":[{"href":"https:\/\/tarkvara.thkit.ee\/veeb\/wp-json\/wp\/v2\/media?parent=325"}],"curies":[{"name":"wp","href":"https:\/\/api.w.org\/{rel}","templated":true}]}}