{"id":25,"date":"2023-02-23T13:20:21","date_gmt":"2023-02-23T13:20:21","guid":{"rendered":"https:\/\/tarkvara.thkit.ee\/veeb\/?page_id=25"},"modified":"2025-12-12T09:54:32","modified_gmt":"2025-12-12T09:54:32","slug":"valik-rippmenuust","status":"publish","type":"page","link":"https:\/\/tarkvara.thkit.ee\/veeb\/valik-rippmenuust\/","title":{"rendered":"Valik rippmen\u00fc\u00fcst"},"content":{"rendered":"\n<p>Tekstiv\u00e4li on sisestuseks mugav teha. Kuna aga kasutaja p\u00e4\u00e4seb sinna k\u00f5ike sisestama, siis v\u00f5ib kergesti sisse sattuda ka sobimatut teksti. Kasutajale piiratud arvu valikute andmiseks sobib rippmen\u00fc\u00fc. Rippmen\u00fc\u00fc loob element t\u00fc\u00fcbist select. Elemendi nime j\u00e4rgi saab endiselt PHP kaudu kasutaja sisestuse k\u00e4tte.<\/p>\n\n\n\n<div class=\"wp-block-urvanov-syntax-highlighter-code-block\"><pre class=\"lang:default decode:true \" > &lt;select name=\"hind\"&gt; \n &lt;option value=\"\"&gt;Vali kaup ...&lt;\/option&gt; \n &lt;option value=\"0.70\"&gt;Leib&lt;\/option&gt; \n &lt;option value=\"0.60\"&gt;Sai&lt;\/option&gt; \n &lt;option value=\"0.50\"&gt;Piim&lt;\/option&gt; \n &lt;\/select&gt;\n<\/pre><\/div>\n\n\n\n<p>Atribuudi value juurde kirjutatud v\u00e4\u00e4rtus l\u00e4heb serverisse edasiseks t\u00f6\u00f6tluseks, tekst enne option elemendi l\u00f5ppu j\u00e4\u00e4b n\u00e4ha kasutajale oma valiku tegemisel. Allpool saab arvutada endist moodi.<\/p>\n\n\n\n<div class=\"wp-block-urvanov-syntax-highlighter-code-block\"><pre class=\"lang:default decode:true \" >&lt;!doctype html&gt; \n&lt;html&gt; \n &lt;head&gt; \n &lt;title&gt;Arvutamine&lt;\/title&gt; \n &lt;\/head&gt; \n &lt;body&gt; \n &lt;h1&gt;Summa kalkulaator&lt;\/h1&gt; \n &lt;form action=\"?\"&gt; \nKaup: \n &lt;select name=\"hind\"&gt;\n &lt;option value=\"\"&gt;Vali kaup ...&lt;\/option&gt; \n &lt;option value=\"0.70\"&gt;Leib&lt;\/option&gt; \n &lt;option value=\"0.60\"&gt;Sai&lt;\/option&gt; \n &lt;option value=\"0.50\"&gt;Piim&lt;\/option&gt; \n &lt;\/select&gt; \nOstetav kogus: \n &lt;input type=\"text\" name=\"kogus\" \/&gt; \n &lt;input type=\"submit\" value=\"OK\" \/&gt; \n &lt;\/form&gt; \n &lt;?php \n if(empty($_REQUEST[\"hind\"]) or empty($_REQUEST[\"kogus\"])){  echo \"Ootan sisestust.\"; \n } else { \n echo $_REQUEST[\"hind\"]*$_REQUEST[\"kogus\"]; \n } \n ?&gt; \n &lt;\/body&gt; \n&lt;\/html&gt; \n<\/pre><\/div>\n\n\n<p><!doctype html><br \/>\n<html><br \/>\n <head><br \/>\n <title>Arvutamine<\/title><br \/>\n <\/head><br \/>\n <body> <\/p>\n<h1>Summa kalkulaator<\/h1>\n<form action=\"?\">\nKaup:<br \/>\n <select name=\"hind\"><option value=\"\">Vali kaup &#8230;<\/option><option value=\"0.70\">Leib<\/option><option value=\"0.60\">Sai<\/option><option value=\"0.50\">Piim<\/option><\/select><br \/>\nOstetav kogus:<br \/>\n <input type=\"text\" name=\"kogus\" \/><br \/>\n <input type=\"submit\" value=\"OK\" \/><br \/>\n <\/form>\n<p> Ootan sisestust.<br \/>\n <\/body><br \/>\n<\/html> <\/p>\n\n\n\n\n<p>Tulemus lehel:<\/p>\n\n\n\n<figure class=\"wp-block-image size-full\"><img loading=\"lazy\" decoding=\"async\" width=\"579\" height=\"219\" src=\"https:\/\/tarkvara.thkit.ee\/veeb\/wp-content\/uploads\/2023\/03\/4.png\" alt=\"\" class=\"wp-image-114\" srcset=\"https:\/\/tarkvara.thkit.ee\/veeb\/wp-content\/uploads\/2023\/03\/4.png 579w, https:\/\/tarkvara.thkit.ee\/veeb\/wp-content\/uploads\/2023\/03\/4-300x113.png 300w\" sizes=\"auto, (max-width: 579px) 100vw, 579px\" \/><\/figure>\n","protected":false},"excerpt":{"rendered":"<p>Tekstiv\u00e4li on sisestuseks mugav teha. Kuna aga kasutaja p\u00e4\u00e4seb sinna k\u00f5ike sisestama, siis v\u00f5ib kergesti sisse sattuda ka sobimatut teksti. Kasutajale piiratud arvu valikute andmiseks sobib rippmen\u00fc\u00fc. Rippmen\u00fc\u00fc loob element t\u00fc\u00fcbist select. Elemendi nime j\u00e4rgi saab endiselt PHP kaudu kasutaja sisestuse k\u00e4tte. Atribuudi value juurde kirjutatud v\u00e4\u00e4rtus l\u00e4heb serverisse edasiseks t\u00f6\u00f6tluseks, tekst enne option elemendi &hellip; <a href=\"https:\/\/tarkvara.thkit.ee\/veeb\/valik-rippmenuust\/\" class=\"more-link\">Loe edasi <span class=\"screen-reader-text\">Valik rippmen\u00fc\u00fcst<\/span> <span class=\"meta-nav\">&rarr;<\/span><\/a><\/p>\n","protected":false},"author":1,"featured_media":0,"parent":0,"menu_order":0,"comment_status":"closed","ping_status":"closed","template":"","meta":{"footnotes":""},"class_list":["post-25","page","type-page","status-publish","hentry"],"_links":{"self":[{"href":"https:\/\/tarkvara.thkit.ee\/veeb\/wp-json\/wp\/v2\/pages\/25","targetHints":{"allow":["GET"]}}],"collection":[{"href":"https:\/\/tarkvara.thkit.ee\/veeb\/wp-json\/wp\/v2\/pages"}],"about":[{"href":"https:\/\/tarkvara.thkit.ee\/veeb\/wp-json\/wp\/v2\/types\/page"}],"author":[{"embeddable":true,"href":"https:\/\/tarkvara.thkit.ee\/veeb\/wp-json\/wp\/v2\/users\/1"}],"replies":[{"embeddable":true,"href":"https:\/\/tarkvara.thkit.ee\/veeb\/wp-json\/wp\/v2\/comments?post=25"}],"version-history":[{"count":8,"href":"https:\/\/tarkvara.thkit.ee\/veeb\/wp-json\/wp\/v2\/pages\/25\/revisions"}],"predecessor-version":[{"id":1218,"href":"https:\/\/tarkvara.thkit.ee\/veeb\/wp-json\/wp\/v2\/pages\/25\/revisions\/1218"}],"wp:attachment":[{"href":"https:\/\/tarkvara.thkit.ee\/veeb\/wp-json\/wp\/v2\/media?parent=25"}],"curies":[{"name":"wp","href":"https:\/\/api.w.org\/{rel}","templated":true}]}}