{"id":223,"date":"2023-03-22T11:08:28","date_gmt":"2023-03-22T11:08:28","guid":{"rendered":"https:\/\/tarkvara.thkit.ee\/veeb\/?page_id=223"},"modified":"2023-03-22T11:09:16","modified_gmt":"2023-03-22T11:09:16","slug":"andmed-mitmes-tabelis","status":"publish","type":"page","link":"https:\/\/tarkvara.thkit.ee\/veeb\/andmed-mitmes-tabelis\/","title":{"rendered":"Andmed mitmes tabelis"},"content":{"rendered":"\n<p>Vaid muudetava tekstilise sisuga lehestikes v\u00f5ib hakkama saada \u00fche andmetabeliga. Samuti piisab \u00fchest tabelist juhul, kui hoitakse ja n\u00e4idatakse \u00fchet\u00fc\u00fcbilisi andmeid. Kui aga tahta veebi kaudu t\u00f6\u00f6le panna v\u00e4hegi mitmekesisemat infos\u00fcsteemi, siis j\u00e4\u00e4b varsti \u00fchest tabelist kitsaks. M\u00f5nedki asjad k\u00fcll saab veel \u00e4ra ajada mitme eraldiseisva tabeliga. Ning veidi kavaldades \u00f5nnestub ka k\u00fcllalt mitmek\u00fclgseid andmeid \u00fchte tabelisse toppida &#8211; kui n\u00e4iteks ei oska andmeid eri tabelitesse jagada ja neid omavahel siduda. Mingist hetkest aga andmete kokkuv\u00e4\u00e4namine enam ei \u00f5nnestu ning siis hakkab tabeleid kergesti ja hulgem juurde tulema. Mugav on ju arvestada, kui \u00fches tabelis on vaid samat\u00fc\u00fcbilised asjad.&nbsp;<\/p>\n\n\n\n<p>\u00dche valitava omadusega n\u00e4htuse v\u00f5i eseme kirjeldamisel v\u00f5ib hakkama saada kahe andmetabeliga. Kaht t\u00fc\u00fcpi objekte (nt. inimesi ja reisikohti) mitut moodi omavahel kombineerides kulub v\u00e4hemasti kolm tabelit (\u00fcks inimeste tarbeks, \u00fcks kohtade kirjeldamiseks ning kolmandas tabelis on kirjas reisid, kes millal kus k\u00e4is). Kasutajate, \u00f5iguste, pea- ja alateemadega foorumit kokku pannes kulub neli-viis tabelit. Ning lihtsalt v\u00f5rdluseks, et kooli \u00f5ppeainetes l\u00e4bitavaid teemasid mitmelt poolt otsida v\u00f5imaldav s\u00fcsteem kasvas paarik\u00fcmne andmetabeli suuruseks. Kui juures oli veel palga- ja koormusearvestus ning muu personalihaldus, siis \u00fcsna pea kasvas infos\u00fcsteemi maht saja andmetabelini.&nbsp;<\/p>\n\n\n\n<p>Tabelite rohkust iseenesest ei maksa karta. Kui nad on arusaadavalt nimetatud ning m\u00f5ne skeemi peal n\u00e4ha, mis kuidas millega suhtleb, siis on paljude selgete tabelitega s\u00fcsteem siiski p\u00e4ris mugavalt kasutatav. Enamasti rakenduse juures kasutatakse korraga neist ikka v\u00e4iksemat, m\u00f5ne tabeliga alamhulka. Vahel harva tekivad p\u00e4ringud, kus korraga on andmeid vaja k\u00fcmnekonnast tabelist.<\/p>\n","protected":false},"excerpt":{"rendered":"<p>Vaid muudetava tekstilise sisuga lehestikes v\u00f5ib hakkama saada \u00fche andmetabeliga. Samuti piisab \u00fchest tabelist juhul, kui hoitakse ja n\u00e4idatakse \u00fchet\u00fc\u00fcbilisi andmeid. Kui aga tahta veebi kaudu t\u00f6\u00f6le panna v\u00e4hegi mitmekesisemat infos\u00fcsteemi, siis j\u00e4\u00e4b varsti \u00fchest tabelist kitsaks. M\u00f5nedki asjad k\u00fcll saab veel \u00e4ra ajada mitme eraldiseisva tabeliga. Ning veidi kavaldades \u00f5nnestub ka k\u00fcllalt mitmek\u00fclgseid andmeid &hellip; <a href=\"https:\/\/tarkvara.thkit.ee\/veeb\/andmed-mitmes-tabelis\/\" class=\"more-link\">Loe edasi <span class=\"screen-reader-text\">Andmed mitmes tabelis<\/span> <span class=\"meta-nav\">&rarr;<\/span><\/a><\/p>\n","protected":false},"author":1,"featured_media":0,"parent":0,"menu_order":0,"comment_status":"closed","ping_status":"closed","template":"","meta":{"footnotes":""},"class_list":["post-223","page","type-page","status-publish","hentry"],"_links":{"self":[{"href":"https:\/\/tarkvara.thkit.ee\/veeb\/wp-json\/wp\/v2\/pages\/223","targetHints":{"allow":["GET"]}}],"collection":[{"href":"https:\/\/tarkvara.thkit.ee\/veeb\/wp-json\/wp\/v2\/pages"}],"about":[{"href":"https:\/\/tarkvara.thkit.ee\/veeb\/wp-json\/wp\/v2\/types\/page"}],"author":[{"embeddable":true,"href":"https:\/\/tarkvara.thkit.ee\/veeb\/wp-json\/wp\/v2\/users\/1"}],"replies":[{"embeddable":true,"href":"https:\/\/tarkvara.thkit.ee\/veeb\/wp-json\/wp\/v2\/comments?post=223"}],"version-history":[{"count":2,"href":"https:\/\/tarkvara.thkit.ee\/veeb\/wp-json\/wp\/v2\/pages\/223\/revisions"}],"predecessor-version":[{"id":226,"href":"https:\/\/tarkvara.thkit.ee\/veeb\/wp-json\/wp\/v2\/pages\/223\/revisions\/226"}],"wp:attachment":[{"href":"https:\/\/tarkvara.thkit.ee\/veeb\/wp-json\/wp\/v2\/media?parent=223"}],"curies":[{"name":"wp","href":"https:\/\/api.w.org\/{rel}","templated":true}]}}