{"id":18,"date":"2023-02-23T13:15:32","date_gmt":"2023-02-23T13:15:32","guid":{"rendered":"https:\/\/tarkvara.thkit.ee\/veeb\/?page_id=18"},"modified":"2025-12-12T09:28:38","modified_gmt":"2025-12-12T09:28:38","slug":"kellaaeg","status":"publish","type":"page","link":"https:\/\/tarkvara.thkit.ee\/veeb\/kellaaeg\/","title":{"rendered":"Kellaaeg"},"content":{"rendered":"\n<p>Igal lehe avamisel n\u00e4itamine on kindel kontroll selle kohta, et veebiserveris lehe loomiseks midagi toimub. Kuna samast serverist v\u00f5idakse lehti vaadata mitmelt poolt, siis on tarvilik teada anda, millise ajav\u00f6\u00f6ndi kellaaega soovitakse. Edasi juba k\u00e4sklus date annab soovitud tulemuse. Sulgudes olevad t\u00e4hed n\u00e4itavad, kuidas kellaaega vormistada. Tekst ikka jutum\u00e4rkide vahel. Suur H palub tunde n\u00e4idata 24-tunni s\u00fcsteemis, i t\u00e4hendab minuteid ning s sekundeid. Koolonid seal vahel tr\u00fckitakse lihtsalt v\u00e4lja.&nbsp;<\/p>\n\n\n<p><!doctype html><br \/>\n<html><br \/>\n <head><br \/>\n <title>Kellaleht<\/title><br \/>\n <\/head><br \/>\n <body> <\/p>\n<h1>Kellaaeg<\/h1>\n<p> 23:37:00<br \/>\n <\/body><br \/>\n<\/html> <\/p>\n\n\n\n\n<div class=\"wp-block-urvanov-syntax-highlighter-code-block\"><pre class=\"lang:php decode:true \" title=\"code\" >&lt;!doctype html&gt; \n&lt;html&gt; \n &lt;head&gt; \n &lt;title&gt;Kellaleht&lt;\/title&gt;\n &lt;\/head&gt; \n &lt;body&gt; \n &lt;h1&gt;Kellaaeg&lt;\/h1&gt; \n &lt;?php \n date_default_timezone_set(\"Europe\/Tallinn\"); \n echo date(\"H:i:s\"); \n ?&gt; \n &lt;\/body&gt; \n&lt;\/html&gt; <\/pre><\/div>\n\n\n\n<p>V\u00e4ljund:&nbsp;<\/p>\n\n\n\n<p>15:41:32&nbsp;<\/p>\n\n\n\n<figure class=\"wp-block-image size-full\"><img loading=\"lazy\" decoding=\"async\" width=\"748\" height=\"360\" src=\"https:\/\/tarkvara.thkit.ee\/veeb\/wp-content\/uploads\/2023\/02\/kellaaeg.php_.png\" alt=\"\" class=\"wp-image-54\" srcset=\"https:\/\/tarkvara.thkit.ee\/veeb\/wp-content\/uploads\/2023\/02\/kellaaeg.php_.png 748w, https:\/\/tarkvara.thkit.ee\/veeb\/wp-content\/uploads\/2023\/02\/kellaaeg.php_-300x144.png 300w\" sizes=\"auto, (max-width: 748px) 100vw, 748px\" \/><\/figure>\n","protected":false},"excerpt":{"rendered":"<p>Igal lehe avamisel n\u00e4itamine on kindel kontroll selle kohta, et veebiserveris lehe loomiseks midagi toimub. Kuna samast serverist v\u00f5idakse lehti vaadata mitmelt poolt, siis on tarvilik teada anda, millise ajav\u00f6\u00f6ndi kellaaega soovitakse. Edasi juba k\u00e4sklus date annab soovitud tulemuse. Sulgudes olevad t\u00e4hed n\u00e4itavad, kuidas kellaaega vormistada. Tekst ikka jutum\u00e4rkide vahel. Suur H palub tunde n\u00e4idata &hellip; <a href=\"https:\/\/tarkvara.thkit.ee\/veeb\/kellaaeg\/\" class=\"more-link\">Loe edasi <span class=\"screen-reader-text\">Kellaaeg<\/span> <span class=\"meta-nav\">&rarr;<\/span><\/a><\/p>\n","protected":false},"author":1,"featured_media":0,"parent":0,"menu_order":0,"comment_status":"closed","ping_status":"closed","template":"","meta":{"footnotes":""},"class_list":["post-18","page","type-page","status-publish","hentry"],"_links":{"self":[{"href":"https:\/\/tarkvara.thkit.ee\/veeb\/wp-json\/wp\/v2\/pages\/18","targetHints":{"allow":["GET"]}}],"collection":[{"href":"https:\/\/tarkvara.thkit.ee\/veeb\/wp-json\/wp\/v2\/pages"}],"about":[{"href":"https:\/\/tarkvara.thkit.ee\/veeb\/wp-json\/wp\/v2\/types\/page"}],"author":[{"embeddable":true,"href":"https:\/\/tarkvara.thkit.ee\/veeb\/wp-json\/wp\/v2\/users\/1"}],"replies":[{"embeddable":true,"href":"https:\/\/tarkvara.thkit.ee\/veeb\/wp-json\/wp\/v2\/comments?post=18"}],"version-history":[{"count":13,"href":"https:\/\/tarkvara.thkit.ee\/veeb\/wp-json\/wp\/v2\/pages\/18\/revisions"}],"predecessor-version":[{"id":1202,"href":"https:\/\/tarkvara.thkit.ee\/veeb\/wp-json\/wp\/v2\/pages\/18\/revisions\/1202"}],"wp:attachment":[{"href":"https:\/\/tarkvara.thkit.ee\/veeb\/wp-json\/wp\/v2\/media?parent=18"}],"curies":[{"name":"wp","href":"https:\/\/api.w.org\/{rel}","templated":true}]}}