{"id":124,"date":"2023-03-03T17:33:46","date_gmt":"2023-03-03T17:33:46","guid":{"rendered":"https:\/\/tarkvara.thkit.ee\/veeb\/?page_id=124"},"modified":"2023-03-03T17:34:29","modified_gmt":"2023-03-03T17:34:29","slug":"andmebaasitabeli-veebivaljund","status":"publish","type":"page","link":"https:\/\/tarkvara.thkit.ee\/veeb\/andmebaasitabeli-veebivaljund\/","title":{"rendered":"Andmebaasitabeli veebiv\u00e4ljund"},"content":{"rendered":"\n<p>Kord valmis tehtud veebilehti saab mugavasti veebist p\u00e4rast vaadata. Kui aga tahta lehtede sisu vahetevahel muuta, v\u00f5i siis vastavalt kasutaja soovidele mitmesuguses j\u00e4rjestuses v\u00f5i moel kuvada &#8211; sellisel puhul aitavad andmebaaside v\u00f5imalused lehestiku loomisele m\u00e4rgatavalt kaasa.&nbsp;&nbsp;<\/p>\n\n\n\n<p>Enamikes andmebaasides paiknevad andmed relatsiooniliselt ehk tabelite kujul. Lihtsamal juhul on veebirakenduse juures tegemist \u00fche andmetabeliga. PHPga koos kasutatakse sageli MySQLi nimelist andmebaasiprogrammi, sest nad on m\u00f5eldud suhteliselt sarnasele sihtgrupile. Kokku m\u00f5ned gigabaidid andmeid salvestatuna ning m\u00f5ned p\u00e4ringud sekundis on s\u00fcsteemile \u00fcldiselt j\u00f5ukohased. Mahtude kasvamisel kordades aga tasub juba p\u00f5hjalikuma serveri optimeerimise v\u00f5i muude vahendite peale m\u00f5elda.&nbsp;&nbsp;<\/p>\n\n\n\n<p>Harjutamiseks saab serveri mugavasti p\u00fcsti WAMP v\u00f5i XAMPP-nimelise komplekti abil. Andmebaasi kasutajaliidese eest aitab sealjuures hoolitseda PhpMyAdmin. Samas enamasti v\u00f5imalik suhtlus ka k\u00e4surealt.<\/p>\n","protected":false},"excerpt":{"rendered":"<p>Kord valmis tehtud veebilehti saab mugavasti veebist p\u00e4rast vaadata. Kui aga tahta lehtede sisu vahetevahel muuta, v\u00f5i siis vastavalt kasutaja soovidele mitmesuguses j\u00e4rjestuses v\u00f5i moel kuvada &#8211; sellisel puhul aitavad andmebaaside v\u00f5imalused lehestiku loomisele m\u00e4rgatavalt kaasa.&nbsp;&nbsp; Enamikes andmebaasides paiknevad andmed relatsiooniliselt ehk tabelite kujul. Lihtsamal juhul on veebirakenduse juures tegemist \u00fche andmetabeliga. PHPga koos kasutatakse &hellip; <a href=\"https:\/\/tarkvara.thkit.ee\/veeb\/andmebaasitabeli-veebivaljund\/\" class=\"more-link\">Loe edasi <span class=\"screen-reader-text\">Andmebaasitabeli veebiv\u00e4ljund<\/span> <span class=\"meta-nav\">&rarr;<\/span><\/a><\/p>\n","protected":false},"author":1,"featured_media":0,"parent":0,"menu_order":0,"comment_status":"closed","ping_status":"closed","template":"","meta":{"footnotes":""},"class_list":["post-124","page","type-page","status-publish","hentry"],"_links":{"self":[{"href":"https:\/\/tarkvara.thkit.ee\/veeb\/wp-json\/wp\/v2\/pages\/124","targetHints":{"allow":["GET"]}}],"collection":[{"href":"https:\/\/tarkvara.thkit.ee\/veeb\/wp-json\/wp\/v2\/pages"}],"about":[{"href":"https:\/\/tarkvara.thkit.ee\/veeb\/wp-json\/wp\/v2\/types\/page"}],"author":[{"embeddable":true,"href":"https:\/\/tarkvara.thkit.ee\/veeb\/wp-json\/wp\/v2\/users\/1"}],"replies":[{"embeddable":true,"href":"https:\/\/tarkvara.thkit.ee\/veeb\/wp-json\/wp\/v2\/comments?post=124"}],"version-history":[{"count":2,"href":"https:\/\/tarkvara.thkit.ee\/veeb\/wp-json\/wp\/v2\/pages\/124\/revisions"}],"predecessor-version":[{"id":126,"href":"https:\/\/tarkvara.thkit.ee\/veeb\/wp-json\/wp\/v2\/pages\/124\/revisions\/126"}],"wp:attachment":[{"href":"https:\/\/tarkvara.thkit.ee\/veeb\/wp-json\/wp\/v2\/media?parent=124"}],"curies":[{"name":"wp","href":"https:\/\/api.w.org\/{rel}","templated":true}]}}