{"id":11,"date":"2023-02-23T11:02:22","date_gmt":"2023-02-23T11:02:22","guid":{"rendered":"https:\/\/tarkvara.thkit.ee\/veeb\/?page_id=11"},"modified":"2025-12-12T09:48:46","modified_gmt":"2025-12-12T09:48:46","slug":"muutujad","status":"publish","type":"page","link":"https:\/\/tarkvara.thkit.ee\/veeb\/muutujad\/","title":{"rendered":"Muutujad"},"content":{"rendered":"\n<p>Programmeerimiskeeltes on levinud v\u00f5imalus andmeid muutuja ehk m\u00e4rks\u00f5na alla meelde j\u00e4tta. PHPs algavad muutujate nimed dollarim\u00e4rgiga. See v\u00f5imaldab neid hiljem vabamalt teksti sisse panna. L\u00f5ik<\/p>\n\n\n\n<p>Panna l\u00f5ik:<\/p>\n\n\n\n<div class=\"wp-block-urvanov-syntax-highlighter-code-block\"><pre class=\"lang:php decode:true \" > $eesnimi=\"Markus\"; \n echo \"Tere, $eesnimi!\"; \n<\/pre><\/div>\n\n\n\n<p>tr\u00fckib aimatavalt v\u00e4lja \u201dTere, Juku\u201d. Samuti siis&nbsp;<\/p>\n\n\n\n<div class=\"wp-block-urvanov-syntax-highlighter-code-block\"><pre class=\"lang:php decode:true \" > $eesnimi=\"Markus\"; \n echo \"$eesnimi tuli hommikul kooli.&lt;br \/&gt;\"; \n<\/pre><\/div>\n\n\n\n<p>teatab, kes hommikul kooli tuli. Reavahetus &lt;br \/&gt; lause l\u00f5pus hoolitseb, et j\u00e4rgnevat juttu alataks j\u00e4rgmiselt realt.&nbsp;<\/p>\n\n\n\n<p>Valiku jaoks on k\u00e4sklus if. Tingimus pannakse \u00fcmarsulgude sisse. Kui tingimus vastab t\u00f5ele (praegusel juhul kinganumber on v\u00e4iksem kui nelik\u00fcmmend), siis t\u00e4idetakse j\u00e4rgnevate looksulgude vahele paigutatud plokk. Sama lugu ka alumise tingimusega.<\/p>\n\n\n\n<div class=\"wp-block-urvanov-syntax-highlighter-code-block\"><pre class=\"lang:default decode:true \" >&lt;?php \n $eesnimi=\"Markus\"; \n echo \"$eesnimi tuli hommikul kooli.&lt;br \/&gt;\"; \n  \n $kinganumber=37; \n if($kinganumber&lt;40){ \n echo \"$eesnimi saab veel lasteosakonnast kingi&lt;br \/&gt;\"; \n } \n if($kinganumber&gt;45){ \n echo \"Kodanik $eesnimi kingad sobivad naelakastideks.\"; \n } \n?&gt; \n<\/pre><\/div>\n\n\n<p>Markus tuli hommikul kooli.<br \/>Markus saab veel lasteosakonnast kingi <\/p>\n\n\n\n\n<p>V\u00e4ljund ekraanil:&nbsp;<\/p>\n\n\n\n<p>Juku tuli hommikul kooli.&nbsp;<\/p>\n\n\n\n<p>Markus saab veel lasteosakonnast kingi&nbsp;<\/p>\n\n\n\n<figure class=\"wp-block-image size-full\"><img loading=\"lazy\" decoding=\"async\" width=\"731\" height=\"373\" src=\"https:\/\/tarkvara.thkit.ee\/veeb\/wp-content\/uploads\/2023\/02\/muutuja.php_.png\" alt=\"\" class=\"wp-image-52\" srcset=\"https:\/\/tarkvara.thkit.ee\/veeb\/wp-content\/uploads\/2023\/02\/muutuja.php_.png 731w, https:\/\/tarkvara.thkit.ee\/veeb\/wp-content\/uploads\/2023\/02\/muutuja.php_-300x153.png 300w\" sizes=\"auto, (max-width: 731px) 100vw, 731px\" \/><\/figure>\n","protected":false},"excerpt":{"rendered":"<p>Programmeerimiskeeltes on levinud v\u00f5imalus andmeid muutuja ehk m\u00e4rks\u00f5na alla meelde j\u00e4tta. PHPs algavad muutujate nimed dollarim\u00e4rgiga. See v\u00f5imaldab neid hiljem vabamalt teksti sisse panna. L\u00f5ik Panna l\u00f5ik: tr\u00fckib aimatavalt v\u00e4lja \u201dTere, Juku\u201d. Samuti siis&nbsp; teatab, kes hommikul kooli tuli. Reavahetus &lt;br \/&gt; lause l\u00f5pus hoolitseb, et j\u00e4rgnevat juttu alataks j\u00e4rgmiselt realt.&nbsp; Valiku jaoks on k\u00e4sklus &hellip; <a href=\"https:\/\/tarkvara.thkit.ee\/veeb\/muutujad\/\" class=\"more-link\">Loe edasi <span class=\"screen-reader-text\">Muutujad<\/span> <span class=\"meta-nav\">&rarr;<\/span><\/a><\/p>\n","protected":false},"author":1,"featured_media":0,"parent":0,"menu_order":0,"comment_status":"closed","ping_status":"closed","template":"","meta":{"footnotes":""},"class_list":["post-11","page","type-page","status-publish","hentry"],"_links":{"self":[{"href":"https:\/\/tarkvara.thkit.ee\/veeb\/wp-json\/wp\/v2\/pages\/11","targetHints":{"allow":["GET"]}}],"collection":[{"href":"https:\/\/tarkvara.thkit.ee\/veeb\/wp-json\/wp\/v2\/pages"}],"about":[{"href":"https:\/\/tarkvara.thkit.ee\/veeb\/wp-json\/wp\/v2\/types\/page"}],"author":[{"embeddable":true,"href":"https:\/\/tarkvara.thkit.ee\/veeb\/wp-json\/wp\/v2\/users\/1"}],"replies":[{"embeddable":true,"href":"https:\/\/tarkvara.thkit.ee\/veeb\/wp-json\/wp\/v2\/comments?post=11"}],"version-history":[{"count":12,"href":"https:\/\/tarkvara.thkit.ee\/veeb\/wp-json\/wp\/v2\/pages\/11\/revisions"}],"predecessor-version":[{"id":1209,"href":"https:\/\/tarkvara.thkit.ee\/veeb\/wp-json\/wp\/v2\/pages\/11\/revisions\/1209"}],"wp:attachment":[{"href":"https:\/\/tarkvara.thkit.ee\/veeb\/wp-json\/wp\/v2\/media?parent=11"}],"curies":[{"name":"wp","href":"https:\/\/api.w.org\/{rel}","templated":true}]}}