{"id":1087,"date":"2023-11-24T08:12:08","date_gmt":"2023-11-24T08:12:08","guid":{"rendered":"https:\/\/tarkvara.thkit.ee\/veeb\/?page_id=1087"},"modified":"2023-11-24T08:12:08","modified_gmt":"2023-11-24T08:12:08","slug":"jalgrattaeksami-lisaulesanded","status":"publish","type":"page","link":"https:\/\/tarkvara.thkit.ee\/veeb\/jalgrattaeksami-lisaulesanded\/","title":{"rendered":"Jalgrattaeksami lisa\u00fclesanded"},"content":{"rendered":"\n<ol class=\"wp-block-list\" type=\"1\" start=\"1\">\n<li>Looge saadud lehtedest \u00fcks terviklik hea kasutaja kogemusega ja \u00fchtse kujundusega veebileht. (navigeerimine, kujundus, stiililehed, pildid)<\/li>\n<\/ol>\n\n\n\n<p>&lt;header&gt;<\/p>\n\n\n\n<p>&lt;navigation&gt;<\/p>\n\n\n\n<ol class=\"wp-block-list\" type=\"1\" start=\"2\">\n<li>teooriaeksam.php &#8211; Kui teooria eksam on tehtud v\u00e4hem kui 10 punktile, siis ei ole l\u00e4bip\u00e4\u00e4su teistele eksamile.<\/li>\n\n\n\n<li>Registreerimine.php \u2013 kui vajutad nupule Sisesta, siis suunatakse lehele teooriaeksam.php.<\/li>\n<\/ol>\n\n\n\n<ol class=\"wp-block-list\" type=\"1\" start=\"4\">\n<li>Ei tohi lisada eksamile t\u00fchja v\u00f5i numbriline Eesnimi v\u00f5i Perekonnanimi.<\/li>\n\n\n\n<li><strong>Lubadeleht.php<\/strong> lehel saab kustutada registreeritud \u00f5pilase nimi.<\/li>\n<\/ol>\n","protected":false},"excerpt":{"rendered":"<p>&lt;header&gt; &lt;navigation&gt;<\/p>\n","protected":false},"author":1,"featured_media":0,"parent":0,"menu_order":0,"comment_status":"closed","ping_status":"closed","template":"","meta":{"footnotes":""},"class_list":["post-1087","page","type-page","status-publish","hentry"],"_links":{"self":[{"href":"https:\/\/tarkvara.thkit.ee\/veeb\/wp-json\/wp\/v2\/pages\/1087","targetHints":{"allow":["GET"]}}],"collection":[{"href":"https:\/\/tarkvara.thkit.ee\/veeb\/wp-json\/wp\/v2\/pages"}],"about":[{"href":"https:\/\/tarkvara.thkit.ee\/veeb\/wp-json\/wp\/v2\/types\/page"}],"author":[{"embeddable":true,"href":"https:\/\/tarkvara.thkit.ee\/veeb\/wp-json\/wp\/v2\/users\/1"}],"replies":[{"embeddable":true,"href":"https:\/\/tarkvara.thkit.ee\/veeb\/wp-json\/wp\/v2\/comments?post=1087"}],"version-history":[{"count":1,"href":"https:\/\/tarkvara.thkit.ee\/veeb\/wp-json\/wp\/v2\/pages\/1087\/revisions"}],"predecessor-version":[{"id":1088,"href":"https:\/\/tarkvara.thkit.ee\/veeb\/wp-json\/wp\/v2\/pages\/1087\/revisions\/1088"}],"wp:attachment":[{"href":"https:\/\/tarkvara.thkit.ee\/veeb\/wp-json\/wp\/v2\/media?parent=1087"}],"curies":[{"name":"wp","href":"https:\/\/api.w.org\/{rel}","templated":true}]}}