{"id":31,"date":"2023-02-23T13:22:52","date_gmt":"2023-02-23T13:22:52","guid":{"rendered":"https:\/\/tarkvara.thkit.ee\/veeb\/?page_id=31"},"modified":"2023-02-23T13:22:52","modified_gmt":"2023-02-23T13:22:52","slug":"ostusumma-arvutamine","status":"publish","type":"page","link":"https:\/\/tarkvara.thkit.ee\/veeb\/eng\/ostusumma-arvutamine\/","title":{"rendered":"Ostusumma arvutamine"},"content":{"rendered":"\n<p>Sisestatavaid v\u00e4\u00e4rtusi v\u00f5ib olla mitu. Nende k\u00e4ttesaamiseks tuleb nad panna eri nimedega tekstiv\u00e4ljadesse. J\u00e4rgnevas n\u00e4ites on \u00fche v\u00e4lja nimeks hind ja teise nimeks kogus. Neid kahte korrutades saadakse kokku ostusumma.<\/p>\n\n\n<div class=\"wp-block-syntaxhighlighter-code \"><pre class=\"brush: php; title: ; notranslate\" title=\"\">\n&lt;!doctype html&gt; \n&lt;html&gt; \n &lt;head&gt; \n &lt;title&gt;Arvutamine&lt;\/title&gt; \n &lt;\/head&gt; \n &lt;body&gt; \n &lt;h1&gt;Summa kalkulaator&lt;\/h1&gt; \n &lt;form action=&quot;?&quot;&gt; \nKauba t\u00fckihind: \n &lt;input type=&quot;text&quot; name=&quot;hind&quot; \/&gt; \nOstetav kogus: \n &lt;input type=&quot;text&quot; name=&quot;kogus&quot; \/&gt; \n &lt;input type=&quot;submit&quot; value=&quot;OK&quot; \/&gt; \n &lt;\/form&gt; \n &lt;?php \n if(empty($_REQUEST&#x5B;&quot;hind&quot;]) or empty($_REQUEST&#x5B;&quot;kogus&quot;])){  echo &quot;Ootan sisestust.&quot;; \n } else { \n echo $_REQUEST&#x5B;&quot;hind&quot;]*$_REQUEST&#x5B;&quot;kogus&quot;]; \n } \n ?&gt; \n &lt;\/body&gt; \n&lt;\/html&gt; \n\n<\/pre><\/div>\n\n\n<p>Tulemus piltidel:<\/p>\n\n\n\n<figure class=\"wp-block-image size-full\"><img decoding=\"async\" src=\"https:\/\/tarkvara.thkit.ee\/veeb\/wp-content\/uploads\/2023\/03\/3.png\" alt=\"\" class=\"wp-image-110\" \/><\/figure>\n\n\n\n<figure class=\"wp-block-image size-full\"><img decoding=\"async\" src=\"https:\/\/tarkvara.thkit.ee\/veeb\/wp-content\/uploads\/2023\/02\/ostusumma.php_.png\" alt=\"\" class=\"wp-image-59\" \/><\/figure>\n","protected":false},"excerpt":{"rendered":"<p>Sisestatavaid v\u00e4\u00e4rtusi v\u00f5ib olla mitu. Nende k\u00e4ttesaamiseks tuleb nad panna eri nimedega tekstiv\u00e4ljadesse. J\u00e4rgnevas n\u00e4ites on \u00fche v\u00e4lja nimeks hind ja teise nimeks kogus. Neid kahte korrutades saadakse kokku ostusumma. Tulemus piltidel:<\/p>\n","protected":false},"author":1,"featured_media":0,"parent":0,"menu_order":0,"comment_status":"closed","ping_status":"closed","template":"","meta":{"footnotes":""},"class_list":["post-31","page","type-page","status-publish","hentry"],"_links":{"self":[{"href":"https:\/\/tarkvara.thkit.ee\/veeb\/eng\/wp-json\/wp\/v2\/pages\/31","targetHints":{"allow":["GET"]}}],"collection":[{"href":"https:\/\/tarkvara.thkit.ee\/veeb\/eng\/wp-json\/wp\/v2\/pages"}],"about":[{"href":"https:\/\/tarkvara.thkit.ee\/veeb\/eng\/wp-json\/wp\/v2\/types\/page"}],"author":[{"embeddable":true,"href":"https:\/\/tarkvara.thkit.ee\/veeb\/eng\/wp-json\/wp\/v2\/users\/1"}],"replies":[{"embeddable":true,"href":"https:\/\/tarkvara.thkit.ee\/veeb\/eng\/wp-json\/wp\/v2\/comments?post=31"}],"version-history":[{"count":0,"href":"https:\/\/tarkvara.thkit.ee\/veeb\/eng\/wp-json\/wp\/v2\/pages\/31\/revisions"}],"wp:attachment":[{"href":"https:\/\/tarkvara.thkit.ee\/veeb\/eng\/wp-json\/wp\/v2\/media?parent=31"}],"curies":[{"name":"wp","href":"https:\/\/api.w.org\/{rel}","templated":true}]}}