{"id":11,"date":"2023-02-23T11:02:22","date_gmt":"2023-02-23T11:02:22","guid":{"rendered":"https:\/\/tarkvara.thkit.ee\/veeb\/?page_id=11"},"modified":"2023-02-23T11:02:22","modified_gmt":"2023-02-23T11:02:22","slug":"muutujad","status":"publish","type":"page","link":"https:\/\/tarkvara.thkit.ee\/veeb\/eng\/muutujad\/","title":{"rendered":"Muutujad"},"content":{"rendered":"\n<p>Programmeerimiskeeltes on levinud v\u00f5imalus andmeid muutuja ehk m\u00e4rks\u00f5na alla meelde j\u00e4tta. PHPs algavad muutujate nimed dollarim\u00e4rgiga. See v\u00f5imaldab neid hiljem vabamalt teksti sisse panna. L\u00f5ik<\/p>\n\n\n\n<p>Panna l\u00f5ik:<\/p>\n\n\n<div class=\"wp-block-syntaxhighlighter-code \"><pre class=\"brush: php; title: ; notranslate\" title=\"\">\n $eesnimi=&quot;Markus&quot;; \n echo &quot;Tere, $eesnimi!&quot;; \n\n<\/pre><\/div>\n\n\n<p>tr\u00fckib aimatavalt v\u00e4lja \u201dTere, Juku\u201d. Samuti siis\u00a0<\/p>\n\n\n<div class=\"wp-block-syntaxhighlighter-code \"><pre class=\"brush: php; title: ; notranslate\" title=\"\">\n $eesnimi=&quot;Markus&quot;; \n echo &quot;$eesnimi tuli hommikul kooli.&lt;br \/&gt;&quot;; \n\n<\/pre><\/div>\n\n\n<p>teatab, kes hommikul kooli tuli. Reavahetus &lt;br \/&gt; lause l\u00f5pus hoolitseb, et j\u00e4rgnevat juttu alataks j\u00e4rgmiselt realt.&nbsp;<\/p>\n\n\n\n<p>Valiku jaoks on k\u00e4sklus if. Tingimus pannakse \u00fcmarsulgude sisse. Kui tingimus vastab t\u00f5ele (praegusel juhul kinganumber on v\u00e4iksem kui nelik\u00fcmmend), siis t\u00e4idetakse j\u00e4rgnevate looksulgude vahele paigutatud plokk. Sama lugu ka alumise tingimusega.<\/p>\n\n\n<div class=\"wp-block-syntaxhighlighter-code \"><pre class=\"brush: php; title: ; notranslate\" title=\"\">\n&lt;?php \n $eesnimi=&quot;Markus&quot;; \n echo &quot;$eesnimi tuli hommikul kooli.&lt;br \/&gt;&quot;; \n  \n $kinganumber=37; \n if($kinganumber&lt;40){ \n echo &quot;$eesnimi saab veel lasteosakonnast kingi&lt;br \/&gt;&quot;; \n } \n if($kinganumber&gt;45){ \n echo &quot;Kodanik $eesnimi kingad sobivad naelakastideks.&quot;; \n } \n?&gt; \n\n<\/pre><\/div>\n\n\n<p>V\u00e4ljund ekraanil:&nbsp;<\/p>\n\n\n\n<p>Juku tuli hommikul kooli.&nbsp;<\/p>\n\n\n\n<p>Markus saab veel lasteosakonnast kingi\u00a0<\/p>\n\n\n\n<figure class=\"wp-block-image size-full\"><img decoding=\"async\" src=\"https:\/\/tarkvara.thkit.ee\/veeb\/wp-content\/uploads\/2023\/02\/muutuja.php_.png\" alt=\"\" class=\"wp-image-52\" \/><\/figure>\n","protected":false},"excerpt":{"rendered":"<p>Programmeerimiskeeltes on levinud v\u00f5imalus andmeid muutuja ehk m\u00e4rks\u00f5na alla meelde j\u00e4tta. PHPs algavad muutujate nimed dollarim\u00e4rgiga. See v\u00f5imaldab neid hiljem vabamalt teksti sisse panna. L\u00f5ik Panna l\u00f5ik: tr\u00fckib aimatavalt v\u00e4lja \u201dTere, Juku\u201d. Samuti siis\u00a0 teatab, kes hommikul kooli tuli. Reavahetus &lt;br \/&gt; lause l\u00f5pus hoolitseb, et j\u00e4rgnevat juttu alataks j\u00e4rgmiselt realt.&nbsp; Valiku jaoks on k\u00e4sklus &hellip; <a href=\"https:\/\/tarkvara.thkit.ee\/veeb\/eng\/muutujad\/\" class=\"more-link\">Continue reading <span class=\"screen-reader-text\">Muutujad<\/span> <span class=\"meta-nav\">&rarr;<\/span><\/a><\/p>\n","protected":false},"author":1,"featured_media":0,"parent":0,"menu_order":0,"comment_status":"closed","ping_status":"closed","template":"","meta":{"footnotes":""},"class_list":["post-11","page","type-page","status-publish","hentry"],"_links":{"self":[{"href":"https:\/\/tarkvara.thkit.ee\/veeb\/eng\/wp-json\/wp\/v2\/pages\/11","targetHints":{"allow":["GET"]}}],"collection":[{"href":"https:\/\/tarkvara.thkit.ee\/veeb\/eng\/wp-json\/wp\/v2\/pages"}],"about":[{"href":"https:\/\/tarkvara.thkit.ee\/veeb\/eng\/wp-json\/wp\/v2\/types\/page"}],"author":[{"embeddable":true,"href":"https:\/\/tarkvara.thkit.ee\/veeb\/eng\/wp-json\/wp\/v2\/users\/1"}],"replies":[{"embeddable":true,"href":"https:\/\/tarkvara.thkit.ee\/veeb\/eng\/wp-json\/wp\/v2\/comments?post=11"}],"version-history":[{"count":0,"href":"https:\/\/tarkvara.thkit.ee\/veeb\/eng\/wp-json\/wp\/v2\/pages\/11\/revisions"}],"wp:attachment":[{"href":"https:\/\/tarkvara.thkit.ee\/veeb\/eng\/wp-json\/wp\/v2\/media?parent=11"}],"curies":[{"name":"wp","href":"https:\/\/api.w.org\/{rel}","templated":true}]}}